{"id":15868,"date":"2025-07-24T13:52:35","date_gmt":"2025-07-24T13:52:35","guid":{"rendered":"https:\/\/kloosterman.co.nl\/?page_id=15868"},"modified":"2025-08-02T10:50:44","modified_gmt":"2025-08-02T10:50:44","slug":"glaswerk","status":"publish","type":"page","link":"https:\/\/kloosterman.co.nl\/?page_id=15868","title":{"rendered":"Glaswerk"},"content":{"rendered":"\t\t<div data-elementor-type=\"wp-page\" data-elementor-id=\"15868\" class=\"elementor elementor-15868\">\n\t\t\t\t\t\t<section class=\"elementor-section elementor-top-section elementor-element elementor-element-17b9246 elementor-section-boxed elementor-section-height-default elementor-section-height-default parallax_section_no qode_elementor_container_no\" data-id=\"17b9246\" data-element_type=\"section\">\n\t\t\t\t\t\t<div class=\"elementor-container elementor-column-gap-default\">\n\t\t\t\t\t<div class=\"elementor-column elementor-col-50 elementor-top-column elementor-element elementor-element-2012ad8\" data-id=\"2012ad8\" data-element_type=\"column\">\n\t\t\t<div class=\"elementor-widget-wrap elementor-element-populated\">\n\t\t\t\t\t\t<div class=\"elementor-element elementor-element-60d41f5 elementor-widget elementor-widget-text-editor\" data-id=\"60d41f5\" data-element_type=\"widget\" data-widget_type=\"text-editor.default\">\n\t\t\t\t<div class=\"elementor-widget-container\">\n\t\t\t\t\t\t\t\t\t<h2 class=\"elementor-heading-title elementor-size-default\">Uw betrouwbare glaszetter in Noord-Nederland<\/h2>\t\t\t\t\t\t\t\t<\/div>\n\t\t\t\t<\/div>\n\t\t\t\t<div class=\"elementor-element elementor-element-b2e8fa9 elementor-widget elementor-widget-spacer\" data-id=\"b2e8fa9\" data-element_type=\"widget\" data-widget_type=\"spacer.default\">\n\t\t\t\t<div class=\"elementor-widget-container\">\n\t\t\t\t\t\t\t<div class=\"elementor-spacer\">\n\t\t\t<div class=\"elementor-spacer-inner\"><\/div>\n\t\t<\/div>\n\t\t\t\t\t\t<\/div>\n\t\t\t\t<\/div>\n\t\t\t\t<div class=\"elementor-element elementor-element-65fdaf5 elementor-widget elementor-widget-text-editor\" data-id=\"65fdaf5\" data-element_type=\"widget\" data-widget_type=\"text-editor.default\">\n\t\t\t\t<div class=\"elementor-widget-container\">\n\t\t\t\t\t\t\t\t\t<h4>Of u nu kiest voor isolatieglas, monumentaal glas, of glas-in-lood, wij bieden een breed scala aan glasdiensten met vakmanschap en oog voor detail. Bij ons krijgt u niet alleen glas van topkwaliteit, maar ook service waar u op kunt vertrouwen.<\/h4>\t\t\t\t\t\t\t\t<\/div>\n\t\t\t\t<\/div>\n\t\t\t\t<section class=\"elementor-section elementor-inner-section elementor-element elementor-element-73e94d0 elementor-section-boxed elementor-section-height-default elementor-section-height-default parallax_section_no qode_elementor_container_no\" data-id=\"73e94d0\" data-element_type=\"section\">\n\t\t\t\t\t\t<div class=\"elementor-container elementor-column-gap-no\">\n\t\t\t\t\t<div class=\"elementor-column elementor-col-100 elementor-inner-column elementor-element elementor-element-20f71f9\" data-id=\"20f71f9\" data-element_type=\"column\">\n\t\t\t<div class=\"elementor-widget-wrap elementor-element-populated\">\n\t\t\t\t\t\t<div class=\"elementor-element elementor-element-7e9ec5e elementor-widget elementor-widget-spacer\" data-id=\"7e9ec5e\" data-element_type=\"widget\" data-widget_type=\"spacer.default\">\n\t\t\t\t<div class=\"elementor-widget-container\">\n\t\t\t\t\t\t\t<div class=\"elementor-spacer\">\n\t\t\t<div class=\"elementor-spacer-inner\"><\/div>\n\t\t<\/div>\n\t\t\t\t\t\t<\/div>\n\t\t\t\t<\/div>\n\t\t\t\t\t<\/div>\n\t\t<\/div>\n\t\t\t\t\t<\/div>\n\t\t<\/section>\n\t\t\t\t\t<\/div>\n\t\t<\/div>\n\t\t\t\t<div class=\"elementor-column elementor-col-50 elementor-top-column elementor-element elementor-element-06aab10\" data-id=\"06aab10\" data-element_type=\"column\">\n\t\t\t<div class=\"elementor-widget-wrap elementor-element-populated\">\n\t\t\t\t\t\t<div class=\"elementor-element elementor-element-2280762 elementor-widget elementor-widget-image\" data-id=\"2280762\" data-element_type=\"widget\" data-widget_type=\"image.default\">\n\t\t\t\t<div class=\"elementor-widget-container\">\n\t\t\t\t\t\t\t\t\t\t\t\t\t\t\t<img fetchpriority=\"high\" decoding=\"async\" width=\"1500\" height=\"1198\" src=\"https:\/\/kloosterman.co.nl\/wp-content\/uploads\/2025\/07\/glaswerk.jpg\" class=\"attachment-full size-full wp-image-15877\" alt=\"\" srcset=\"https:\/\/kloosterman.co.nl\/wp-content\/uploads\/2025\/07\/glaswerk.jpg 1500w, https:\/\/kloosterman.co.nl\/wp-content\/uploads\/2025\/07\/glaswerk-300x240.jpg 300w, https:\/\/kloosterman.co.nl\/wp-content\/uploads\/2025\/07\/glaswerk-1024x818.jpg 1024w, https:\/\/kloosterman.co.nl\/wp-content\/uploads\/2025\/07\/glaswerk-768x613.jpg 768w, https:\/\/kloosterman.co.nl\/wp-content\/uploads\/2025\/07\/glaswerk-700x559.jpg 700w\" sizes=\"(max-width: 1500px) 100vw, 1500px\" \/>\t\t\t\t\t\t\t\t\t\t\t\t\t\t\t<\/div>\n\t\t\t\t<\/div>\n\t\t\t\t\t<\/div>\n\t\t<\/div>\n\t\t\t\t\t<\/div>\n\t\t<\/section>\n\t\t\t\t<section class=\"elementor-section elementor-top-section elementor-element elementor-element-be8a1cd elementor-section-boxed elementor-section-height-default elementor-section-height-default parallax_section_no qode_elementor_container_no\" data-id=\"be8a1cd\" data-element_type=\"section\">\n\t\t\t\t\t\t<div class=\"elementor-container elementor-column-gap-wider\">\n\t\t\t\t\t<div class=\"elementor-column elementor-col-50 elementor-top-column elementor-element elementor-element-a00f7cf\" data-id=\"a00f7cf\" data-element_type=\"column\">\n\t\t\t<div class=\"elementor-widget-wrap elementor-element-populated\">\n\t\t\t\t\t\t<div class=\"elementor-element elementor-element-d400495 elementor-widget elementor-widget-image\" data-id=\"d400495\" data-element_type=\"widget\" data-widget_type=\"image.default\">\n\t\t\t\t<div class=\"elementor-widget-container\">\n\t\t\t\t\t\t\t\t\t\t\t\t\t\t\t<img decoding=\"async\" width=\"1170\" height=\"1170\" src=\"https:\/\/kloosterman.co.nl\/wp-content\/uploads\/2025\/08\/glaszetten.jpg\" class=\"attachment-full size-full wp-image-16012\" alt=\"\" srcset=\"https:\/\/kloosterman.co.nl\/wp-content\/uploads\/2025\/08\/glaszetten.jpg 1170w, https:\/\/kloosterman.co.nl\/wp-content\/uploads\/2025\/08\/glaszetten-300x300.jpg 300w, https:\/\/kloosterman.co.nl\/wp-content\/uploads\/2025\/08\/glaszetten-1024x1024.jpg 1024w, https:\/\/kloosterman.co.nl\/wp-content\/uploads\/2025\/08\/glaszetten-150x150.jpg 150w, https:\/\/kloosterman.co.nl\/wp-content\/uploads\/2025\/08\/glaszetten-768x768.jpg 768w, https:\/\/kloosterman.co.nl\/wp-content\/uploads\/2025\/08\/glaszetten-570x570.jpg 570w, https:\/\/kloosterman.co.nl\/wp-content\/uploads\/2025\/08\/glaszetten-500x500.jpg 500w, https:\/\/kloosterman.co.nl\/wp-content\/uploads\/2025\/08\/glaszetten-1000x1000.jpg 1000w, https:\/\/kloosterman.co.nl\/wp-content\/uploads\/2025\/08\/glaszetten-700x700.jpg 700w, https:\/\/kloosterman.co.nl\/wp-content\/uploads\/2025\/08\/glaszetten-650x650.jpg 650w\" sizes=\"(max-width: 1170px) 100vw, 1170px\" \/>\t\t\t\t\t\t\t\t\t\t\t\t\t\t\t<\/div>\n\t\t\t\t<\/div>\n\t\t\t\t\t<\/div>\n\t\t<\/div>\n\t\t\t\t<div class=\"elementor-column elementor-col-50 elementor-top-column elementor-element elementor-element-27650b0\" data-id=\"27650b0\" data-element_type=\"column\">\n\t\t\t<div class=\"elementor-widget-wrap elementor-element-populated\">\n\t\t\t\t\t\t<div class=\"elementor-element elementor-element-ebda930 elementor-widget elementor-widget-n-accordion\" data-id=\"ebda930\" data-element_type=\"widget\" data-settings=\"{&quot;default_state&quot;:&quot;expanded&quot;,&quot;max_items_expended&quot;:&quot;one&quot;,&quot;n_accordion_animation_duration&quot;:{&quot;unit&quot;:&quot;ms&quot;,&quot;size&quot;:400,&quot;sizes&quot;:[]}}\" data-widget_type=\"nested-accordion.default\">\n\t\t\t\t<div class=\"elementor-widget-container\">\n\t\t\t\t\t\t\t<div class=\"e-n-accordion\" aria-label=\"Accordion. Open links with Enter or Space, close with Escape, and navigate with Arrow Keys\">\n\t\t\t\t\t\t<details id=\"e-n-accordion-item-2470\" class=\"e-n-accordion-item\" open>\n\t\t\t\t<summary class=\"e-n-accordion-item-title\" data-accordion-index=\"1\" tabindex=\"0\" aria-expanded=\"true\" aria-controls=\"e-n-accordion-item-2470\" >\n\t\t\t\t\t<span class='e-n-accordion-item-title-header'><div class=\"e-n-accordion-item-title-text\"> Enkel glas <\/div><\/span>\n\t\t\t\t\t\t\t<span class='e-n-accordion-item-title-icon'>\n\t\t\t<span class='e-opened' ><svg aria-hidden=\"true\" class=\"e-font-icon-svg e-fas-minus\" viewBox=\"0 0 448 512\" xmlns=\"http:\/\/www.w3.org\/2000\/svg\"><path d=\"M416 208H32c-17.67 0-32 14.33-32 32v32c0 17.67 14.33 32 32 32h384c17.67 0 32-14.33 32-32v-32c0-17.67-14.33-32-32-32z\"><\/path><\/svg><\/span>\n\t\t\t<span class='e-closed'><svg aria-hidden=\"true\" class=\"e-font-icon-svg e-fas-plus\" viewBox=\"0 0 448 512\" xmlns=\"http:\/\/www.w3.org\/2000\/svg\"><path d=\"M416 208H272V64c0-17.67-14.33-32-32-32h-32c-17.67 0-32 14.33-32 32v144H32c-17.67 0-32 14.33-32 32v32c0 17.67 14.33 32 32 32h144v144c0 17.67 14.33 32 32 32h32c17.67 0 32-14.33 32-32V304h144c17.67 0 32-14.33 32-32v-32c0-17.67-14.33-32-32-32z\"><\/path><\/svg><\/span>\n\t\t<\/span>\n\n\t\t\t\t\t\t<\/summary>\n\t\t\t\t<div role=\"region\" aria-labelledby=\"e-n-accordion-item-2470\" class=\"elementor-element elementor-element-171e999 e-con-full e-flex parallax_section_no qode_elementor_container_no e-con e-child\" data-id=\"171e999\" data-element_type=\"container\">\n\t\t\t\t<div class=\"elementor-element elementor-element-c7b8ca7 elementor-widget elementor-widget-text-editor\" data-id=\"c7b8ca7\" data-element_type=\"widget\" data-widget_type=\"text-editor.default\">\n\t\t\t\t<div class=\"elementor-widget-container\">\n\t\t\t\t\t\t\t\t\t<div class=\"elementor-accordion-item\"><div id=\"elementor-tab-content-8481\" class=\"elementor-tab-content elementor-clearfix elementor-active\" role=\"region\" data-tab=\"1\" aria-labelledby=\"elementor-tab-title-8481\"><p>Enkel glas is een klassieke keuze die vaak nog wordt toegepast in monumenten en voor toepassingen binnen de woning, zoals in binnendeuren. Enkel glas heeft een zeer lage isolatiewaarde en is daarom niet de beste keuze als uw uw woning wilt verduurzamen Gelukkig zijn er tegenwoordig uitstekende alternatieven beschikbaar die beter isoleren en toch recht doen aan de historische uitstraling van monumenten. Wij adviseren graag over de beste oplossing voor uw situatie.<\/p><\/div><\/div><div class=\"elementor-accordion-item\"><div id=\"elementor-tab-title-8482\" class=\"elementor-tab-title\" tabindex=\"-1\" role=\"button\" data-tab=\"2\" aria-controls=\"elementor-tab-content-8482\" aria-expanded=\"false\" aria-selected=\"false\">\u00a0<\/div><\/div>\t\t\t\t\t\t\t\t<\/div>\n\t\t\t\t<\/div>\n\t\t\t\t<\/div>\n\t\t\t\t\t<\/details>\n\t\t\t\t\t\t<details id=\"e-n-accordion-item-2471\" class=\"e-n-accordion-item\" >\n\t\t\t\t<summary class=\"e-n-accordion-item-title\" data-accordion-index=\"2\" tabindex=\"-1\" aria-expanded=\"false\" aria-controls=\"e-n-accordion-item-2471\" >\n\t\t\t\t\t<span class='e-n-accordion-item-title-header'><div class=\"e-n-accordion-item-title-text\"> Luchtgevuld glas en HR++ beglazing <\/div><\/span>\n\t\t\t\t\t\t\t<span class='e-n-accordion-item-title-icon'>\n\t\t\t<span class='e-opened' ><svg aria-hidden=\"true\" class=\"e-font-icon-svg e-fas-minus\" viewBox=\"0 0 448 512\" xmlns=\"http:\/\/www.w3.org\/2000\/svg\"><path d=\"M416 208H32c-17.67 0-32 14.33-32 32v32c0 17.67 14.33 32 32 32h384c17.67 0 32-14.33 32-32v-32c0-17.67-14.33-32-32-32z\"><\/path><\/svg><\/span>\n\t\t\t<span class='e-closed'><svg aria-hidden=\"true\" class=\"e-font-icon-svg e-fas-plus\" viewBox=\"0 0 448 512\" xmlns=\"http:\/\/www.w3.org\/2000\/svg\"><path d=\"M416 208H272V64c0-17.67-14.33-32-32-32h-32c-17.67 0-32 14.33-32 32v144H32c-17.67 0-32 14.33-32 32v32c0 17.67 14.33 32 32 32h144v144c0 17.67 14.33 32 32 32h32c17.67 0 32-14.33 32-32V304h144c17.67 0 32-14.33 32-32v-32c0-17.67-14.33-32-32-32z\"><\/path><\/svg><\/span>\n\t\t<\/span>\n\n\t\t\t\t\t\t<\/summary>\n\t\t\t\t<div role=\"region\" aria-labelledby=\"e-n-accordion-item-2471\" class=\"elementor-element elementor-element-a85fb0f e-con-full e-flex parallax_section_no qode_elementor_container_no e-con e-child\" data-id=\"a85fb0f\" data-element_type=\"container\">\n\t\t\t\t<div class=\"elementor-element elementor-element-e2b5591 elementor-widget elementor-widget-text-editor\" data-id=\"e2b5591\" data-element_type=\"widget\" data-widget_type=\"text-editor.default\">\n\t\t\t\t<div class=\"elementor-widget-container\">\n\t\t\t\t\t\t\t\t\t<h6>Wat is luchtgevuld glas?<\/h6><p>Luchtgevuld glas, vaak aangeduid als dubbel glas, bestaat uit twee glaslagen met een tussenliggende luchtlaag. Deze luchtlaag functioneert als isolator, waardoor de warmteoverdracht tussen de binnen- en buitenomgeving wordt verminderd. Het was een populaire keuze tussen rond de jaren 1960 en 2000.<\/p><h6>Wat is HR++ beglazing?<\/h6><p>HR++ beglazing is een verbeterde versie van dubbel glas. Dit type glas bestaat ook uit twee glaslagen, maar heeft een speciale coating op de binnenste laag en is gevuld met een edelgas zoals argon in plaats van lucht. Deze combinatie zorgt voor een aanzienlijke verbetering van de isolatiewaarde.<\/p><h6>Voordelen van HR++ beglazing t.o.v. luchtgevuld dubbel glas<\/h6><ul><li>Betere isolatie: Dankzij de speciale coating en edelgasvulling heeft HR++ glas een hogere isolatiewaarde dan luchtgevuld glas. Dit betekent dat er minder warmte verloren gaat, wat resulteert in lagere energiekosten.<\/li><li>Comfort: HR++ glas houdt de warmte beter binnen in de winter en houdt de zonnewarmte buiten in de zomer, waardoor uw woning het hele jaar door comfortabel blijft.<\/li><li>Minder condensvorming: Door de verbeterde isolatie is er minder kans op condensvorming aan de binnenkant van de ramen.<\/li><li>Milieuvriendelijk: Door energie te besparen, draagt HR++ glas bij aan een vermindering van de CO2-uitstoot, wat beter is voor het milieu.<\/li><\/ul><p>\u00a0<\/p>\t\t\t\t\t\t\t\t<\/div>\n\t\t\t\t<\/div>\n\t\t\t\t<\/div>\n\t\t\t\t\t<\/details>\n\t\t\t\t\t\t<details id=\"e-n-accordion-item-2472\" class=\"e-n-accordion-item\" >\n\t\t\t\t<summary class=\"e-n-accordion-item-title\" data-accordion-index=\"3\" tabindex=\"-1\" aria-expanded=\"false\" aria-controls=\"e-n-accordion-item-2472\" >\n\t\t\t\t\t<span class='e-n-accordion-item-title-header'><div class=\"e-n-accordion-item-title-text\"> HR+++ glas (triple en vacu\u00fcmglas) <\/div><\/span>\n\t\t\t\t\t\t\t<span class='e-n-accordion-item-title-icon'>\n\t\t\t<span class='e-opened' ><svg aria-hidden=\"true\" class=\"e-font-icon-svg e-fas-minus\" viewBox=\"0 0 448 512\" xmlns=\"http:\/\/www.w3.org\/2000\/svg\"><path d=\"M416 208H32c-17.67 0-32 14.33-32 32v32c0 17.67 14.33 32 32 32h384c17.67 0 32-14.33 32-32v-32c0-17.67-14.33-32-32-32z\"><\/path><\/svg><\/span>\n\t\t\t<span class='e-closed'><svg aria-hidden=\"true\" class=\"e-font-icon-svg e-fas-plus\" viewBox=\"0 0 448 512\" xmlns=\"http:\/\/www.w3.org\/2000\/svg\"><path d=\"M416 208H272V64c0-17.67-14.33-32-32-32h-32c-17.67 0-32 14.33-32 32v144H32c-17.67 0-32 14.33-32 32v32c0 17.67 14.33 32 32 32h144v144c0 17.67 14.33 32 32 32h32c17.67 0 32-14.33 32-32V304h144c17.67 0 32-14.33 32-32v-32c0-17.67-14.33-32-32-32z\"><\/path><\/svg><\/span>\n\t\t<\/span>\n\n\t\t\t\t\t\t<\/summary>\n\t\t\t\t<div role=\"region\" aria-labelledby=\"e-n-accordion-item-2472\" class=\"elementor-element elementor-element-c153d11 e-con-full e-flex parallax_section_no qode_elementor_container_no e-con e-child\" data-id=\"c153d11\" data-element_type=\"container\">\n\t\t\t\t<div class=\"elementor-element elementor-element-f6ce19a elementor-widget elementor-widget-text-editor\" data-id=\"f6ce19a\" data-element_type=\"widget\" data-widget_type=\"text-editor.default\">\n\t\t\t\t<div class=\"elementor-widget-container\">\n\t\t\t\t\t\t\t\t\t<p>Voor de hoogste isolatiewaarde biedt HR+++ glas, zoals triple glas en vacu\u00fcmglas, een perfecte oplossing. Triple glas bestaat uit drie glaslagen met isolerende gasvullingen, terwijl vacu\u00fcmglas bestaat uit twee glasbladen met een vacu\u00fcmruimte ertussen.<\/p><h6>Waarom kiezen voor HR+++ glas?<\/h6><ul><li>Het levert maximale energiebesparing op.<\/li><li>Uw woning wordt nog beter beschermd tegen geluidsoverlast.<\/li><li>Vacu\u00fcmglas biedt een hogere en geluidswerende isolatie dan triple glas, ook is het lichter en dunner \u2013 ideaal voor renovaties.<\/li><\/ul><h6>Triple glas<\/h6><p>Triple glas, ook wel HR+++ glas genoemd, bestaat uit drie glaslagen met twee tussenliggende spouwen die zijn gevuld met isolerend gas, zoals argon of krypton. Dankzij deze opbouw biedt triple glas uitstekende thermische isolatie en verhoogde energiebesparing. Het is ook bijzonder effectief in het verminderen van geluidsoverlast, wat bijdraagt aan een stillere en comfortabelere leefomgeving.<\/p><h6>Vacu\u00fcmglas<\/h6><p>Vacu\u00fcmglas bestaat uit twee glaslagen met daartussen een vacu\u00fcmruimte. Deze opstelling zorgt voor een zeer dunne maar zeer effici\u00ebnte isolatie. Het vacu\u00fcm tussen de glaslagen elimineert vrijwel alle warmteoverdracht door geleidbaarheid en convectie. Hierdoor biedt vacu\u00fcmglas een betere isolatiewaarde dan triple glas en een veel dunnere en lichtere uitvoering. Door deze dunnere uitvoering is HR+++ nu in (bijna) alle kozijnen toe te passen. Dit maakt vacu\u00fcmglas ideaal voor renovaties of situaties waar gewicht en dikte van het glas een rol spelen.<\/p>\t\t\t\t\t\t\t\t<\/div>\n\t\t\t\t<\/div>\n\t\t\t\t<\/div>\n\t\t\t\t\t<\/details>\n\t\t\t\t\t\t<details id=\"e-n-accordion-item-2473\" class=\"e-n-accordion-item\" >\n\t\t\t\t<summary class=\"e-n-accordion-item-title\" data-accordion-index=\"4\" tabindex=\"-1\" aria-expanded=\"false\" aria-controls=\"e-n-accordion-item-2473\" >\n\t\t\t\t\t<span class='e-n-accordion-item-title-header'><div class=\"e-n-accordion-item-title-text\"> Glas-in-lood (ook in dubbel glas) <\/div><\/span>\n\t\t\t\t\t\t\t<span class='e-n-accordion-item-title-icon'>\n\t\t\t<span class='e-opened' ><svg aria-hidden=\"true\" class=\"e-font-icon-svg e-fas-minus\" viewBox=\"0 0 448 512\" xmlns=\"http:\/\/www.w3.org\/2000\/svg\"><path d=\"M416 208H32c-17.67 0-32 14.33-32 32v32c0 17.67 14.33 32 32 32h384c17.67 0 32-14.33 32-32v-32c0-17.67-14.33-32-32-32z\"><\/path><\/svg><\/span>\n\t\t\t<span class='e-closed'><svg aria-hidden=\"true\" class=\"e-font-icon-svg e-fas-plus\" viewBox=\"0 0 448 512\" xmlns=\"http:\/\/www.w3.org\/2000\/svg\"><path d=\"M416 208H272V64c0-17.67-14.33-32-32-32h-32c-17.67 0-32 14.33-32 32v144H32c-17.67 0-32 14.33-32 32v32c0 17.67 14.33 32 32 32h144v144c0 17.67 14.33 32 32 32h32c17.67 0 32-14.33 32-32V304h144c17.67 0 32-14.33 32-32v-32c0-17.67-14.33-32-32-32z\"><\/path><\/svg><\/span>\n\t\t<\/span>\n\n\t\t\t\t\t\t<\/summary>\n\t\t\t\t<div role=\"region\" aria-labelledby=\"e-n-accordion-item-2473\" class=\"elementor-element elementor-element-2f9f9e3 e-con-full e-flex parallax_section_no qode_elementor_container_no e-con e-child\" data-id=\"2f9f9e3\" data-element_type=\"container\">\n\t\t\t\t<div class=\"elementor-element elementor-element-037f1bb elementor-widget elementor-widget-text-editor\" data-id=\"037f1bb\" data-element_type=\"widget\" data-widget_type=\"text-editor.default\">\n\t\t\t\t<div class=\"elementor-widget-container\">\n\t\t\t\t\t\t\t\t\t<div class=\"elementor-accordion-item\"><div id=\"elementor-tab-content-8484\" class=\"elementor-tab-content elementor-clearfix elementor-active\" role=\"region\" data-tab=\"4\" aria-labelledby=\"elementor-tab-title-8484\"><p>Tegenwoordig is het mogelijk om glas-in-lood te integreren in dubbel glas, wat de voordelen van traditionele glas-in-loodramen combineert met de isolerende eigenschappen van modern glas. Dit betekent dat u kunt genieten van de charme en het karakter van glas-in-lood, terwijl u tegelijkertijd profiteert van verbeterde thermische isolatie en energiebesparingen. Glas-in-lood in dubbel glas is dus een ideale oplossing voor wie het historische en artistieke aspect van glas-in-lood wil behouden, maar ook wil voldoen aan moderne isolatiestandaarden.<\/p><\/div><\/div><div class=\"elementor-accordion-item\"><div id=\"elementor-tab-title-8485\" class=\"elementor-tab-title\" role=\"button\" data-tab=\"5\" aria-controls=\"elementor-tab-content-8485\" aria-expanded=\"false\">\u00a0<\/div><\/div>\t\t\t\t\t\t\t\t<\/div>\n\t\t\t\t<\/div>\n\t\t\t\t<\/div>\n\t\t\t\t\t<\/details>\n\t\t\t\t\t<\/div>\n\t\t\t\t\t\t<\/div>\n\t\t\t\t<\/div>\n\t\t\t\t<section class=\"elementor-section elementor-inner-section elementor-element elementor-element-0d99f04 elementor-section-boxed elementor-section-height-default elementor-section-height-default parallax_section_no qode_elementor_container_no\" data-id=\"0d99f04\" data-element_type=\"section\">\n\t\t\t\t\t\t<div class=\"elementor-container elementor-column-gap-no\">\n\t\t\t\t\t<div class=\"elementor-column elementor-col-100 elementor-inner-column elementor-element elementor-element-03e6a01\" data-id=\"03e6a01\" data-element_type=\"column\">\n\t\t\t<div class=\"elementor-widget-wrap elementor-element-populated\">\n\t\t\t\t\t\t<div class=\"elementor-element elementor-element-dd46f5a elementor-widget elementor-widget-spacer\" data-id=\"dd46f5a\" data-element_type=\"widget\" data-widget_type=\"spacer.default\">\n\t\t\t\t<div class=\"elementor-widget-container\">\n\t\t\t\t\t\t\t<div class=\"elementor-spacer\">\n\t\t\t<div class=\"elementor-spacer-inner\"><\/div>\n\t\t<\/div>\n\t\t\t\t\t\t<\/div>\n\t\t\t\t<\/div>\n\t\t\t\t\t<\/div>\n\t\t<\/div>\n\t\t\t\t\t<\/div>\n\t\t<\/section>\n\t\t\t\t\t<\/div>\n\t\t<\/div>\n\t\t\t\t\t<\/div>\n\t\t<\/section>\n\t\t\t\t<section class=\"elementor-section elementor-top-section elementor-element elementor-element-27c9267 elementor-section-boxed elementor-section-height-default elementor-section-height-default parallax_section_no qode_elementor_container_no\" data-id=\"27c9267\" data-element_type=\"section\" data-settings=\"{&quot;background_background&quot;:&quot;classic&quot;}\">\n\t\t\t\t\t\t<div class=\"elementor-container elementor-column-gap-no\">\n\t\t\t\t\t<div class=\"elementor-column elementor-col-50 elementor-top-column elementor-element elementor-element-4ebdc44\" data-id=\"4ebdc44\" data-element_type=\"column\">\n\t\t\t<div class=\"elementor-widget-wrap elementor-element-populated\">\n\t\t\t\t\t\t<div class=\"elementor-element elementor-element-23ea9ee elementor-widget elementor-widget-text-editor\" data-id=\"23ea9ee\" data-element_type=\"widget\" data-widget_type=\"text-editor.default\">\n\t\t\t\t<div class=\"elementor-widget-container\">\n\t\t\t\t\t\t\t\t\t<h2><span style=\"color: #ffffff;\">Waarom Kloosterman&#038;co<\/span><\/h2>\t\t\t\t\t\t\t\t<\/div>\n\t\t\t\t<\/div>\n\t\t\t\t<div class=\"elementor-element elementor-element-0d3c6ed elementor-widget elementor-widget-text-editor\" data-id=\"0d3c6ed\" data-element_type=\"widget\" data-widget_type=\"text-editor.default\">\n\t\t\t\t<div class=\"elementor-widget-container\">\n\t\t\t\t\t\t\t\t\t<p><span style=\"color: #ffffff;\">Wij streven naar perfectie bij elk project.<\/span><\/p><p><span style=\"color: #ffffff;\">Onze garanties:<\/span><\/p><p><span style=\"color: #ffffff;\"><strong>\u00a0 \u00a0* Hoogwaardige isolatieglas voor energiebesparing.<\/strong><\/span><\/p><p><span style=\"color: #ffffff;\"><strong>\u00a0 \u00a0* Transparante prijzen zonder verborgen kosten.<\/strong><\/span><\/p><p><span style=\"color: #ffffff;\"><strong>\u00a0 \u00a0* Specialist in monumentale glasrestauratie.<\/strong><\/span><\/p><p><span style=\"color: #ffffff;\">Met een focus op kwaliteit en klanttevredenheid zorgen wij ervoor dat uw woning of pand optimaal beschermd is en er prachtig uitziet.<\/span><\/p>\t\t\t\t\t\t\t\t<\/div>\n\t\t\t\t<\/div>\n\t\t\t\t\t<\/div>\n\t\t<\/div>\n\t\t\t\t<div class=\"elementor-column elementor-col-50 elementor-top-column elementor-element elementor-element-da686b7\" data-id=\"da686b7\" data-element_type=\"column\">\n\t\t\t<div class=\"elementor-widget-wrap elementor-element-populated\">\n\t\t\t\t\t\t<div class=\"elementor-element elementor-element-3bfc3924 elementor-widget__width-auto elementor-widget elementor-widget-bridge_button_v2\" data-id=\"3bfc3924\" data-element_type=\"widget\" data-widget_type=\"bridge_button_v2.default\">\n\t\t\t\t<div class=\"elementor-widget-container\">\n\t\t\t\t\t\n\n\t<a href=\"#\" target=\"_self\" style=\"color: #ffffff;background-color: rgba(255,255,255,0);font-family: Nunito\" class=\"qode-btn qode-btn-medium qode-btn-solid qode-btn-custom-hover-color qode-btn-icon qode-btn-icon-rotate\" data-hover-color=\"#ffffff\" >\n\t    <span class=\"qode-btn-text\">contact<\/span><span class=\"qode-button-v2-icon-holder\" style=\"border-color: #ffffff\" ><span aria-hidden=\"true\" class=\"qode-icon-kiko kikol kiko-plus-line qode-button-v2-icon-holder-inner\" ><\/span><\/span>\t<\/a>\n\n\t\t\t\t<\/div>\n\t\t\t\t<\/div>\n\t\t\t\t\t<\/div>\n\t\t<\/div>\n\t\t\t\t\t<\/div>\n\t\t<\/section>\n\t\t\t\t<\/div>\n\t\t","protected":false},"excerpt":{"rendered":"<p>Uw betrouwbare glaszetter in Noord-Nederland Of u nu kiest voor isolatieglas, monumentaal glas, of glas-in-lood, wij bieden een breed scala aan glasdiensten met vakmanschap en oog voor detail. Bij ons krijgt u niet alleen glas van topkwaliteit, maar ook service waar u op kunt vertrouwen&#8230;.<\/p>\n","protected":false},"author":1,"featured_media":0,"parent":0,"menu_order":0,"comment_status":"closed","ping_status":"closed","template":"full_width.php","meta":{"footnotes":""},"class_list":["post-15868","page","type-page","status-publish","hentry"],"_links":{"self":[{"href":"https:\/\/kloosterman.co.nl\/index.php?rest_route=\/wp\/v2\/pages\/15868","targetHints":{"allow":["GET"]}}],"collection":[{"href":"https:\/\/kloosterman.co.nl\/index.php?rest_route=\/wp\/v2\/pages"}],"about":[{"href":"https:\/\/kloosterman.co.nl\/index.php?rest_route=\/wp\/v2\/types\/page"}],"author":[{"embeddable":true,"href":"https:\/\/kloosterman.co.nl\/index.php?rest_route=\/wp\/v2\/users\/1"}],"replies":[{"embeddable":true,"href":"https:\/\/kloosterman.co.nl\/index.php?rest_route=%2Fwp%2Fv2%2Fcomments&post=15868"}],"version-history":[{"count":31,"href":"https:\/\/kloosterman.co.nl\/index.php?rest_route=\/wp\/v2\/pages\/15868\/revisions"}],"predecessor-version":[{"id":16028,"href":"https:\/\/kloosterman.co.nl\/index.php?rest_route=\/wp\/v2\/pages\/15868\/revisions\/16028"}],"wp:attachment":[{"href":"https:\/\/kloosterman.co.nl\/index.php?rest_route=%2Fwp%2Fv2%2Fmedia&parent=15868"}],"curies":[{"name":"wp","href":"https:\/\/api.w.org\/{rel}","templated":true}]}}